{"id":400,"date":"2022-07-26T22:02:21","date_gmt":"2022-07-26T20:02:21","guid":{"rendered":"http:\/\/trawialnia.eu\/?post_type=product&#038;p=400"},"modified":"2026-05-13T07:59:38","modified_gmt":"2026-05-13T05:59:38","slug":"procap-hmp","status":"publish","type":"product","link":"https:\/\/trawialnia.eu\/en\/product\/procap-hmp\/","title":{"rendered":"PROCAP HMP"},"content":{"rendered":"<p><strong>PROCAP HMP<\/strong><\/p>\n<p>\u017bel trawi\u0105cy do natrysku dla urz\u0105dze\u0144 ze stali nierdzewnej wytworzonych z blach polerowanych lub o lustrzanym po\u0142ysku typu 2B. \u017bel do rozpylania <strong>PROCAP HMP<\/strong> zapewnia wytrawienie spaw\u00f3w i obszar\u00f3w nagrzanych oraz odt\u0142uszczenie ko\u0144cowe powierzchni ze stali nierdzewnej austenitycznej, b\u0142yszcz\u0105cej \/ walcowanej na zimno. <strong>PROCAP HMP<\/strong> nie ma praktycznie \u017cadnego wp\u0142ywu na po\u0142ysk urz\u0105dze\u0144. Wydajno\u015b\u0107 1kg = 3-5 m2<\/p>\n<p>Before using <strong>PROCAP HMP<\/strong> , read the Safety Data Sheet and follow all occupational health and safety regulations.<\/p>","protected":false},"excerpt":{"rendered":"<p>PROCAP HMP \u017bel trawi\u0105cy do natrysku dla urz\u0105dze\u0144 ze stali nierdzewnej wytworzonych z blach polerowanych lub o lustrzanym po\u0142ysku typu 2B. \u017bel do rozpylania PROCAP HMP zapewnia wytrawienie spaw\u00f3w i obszar\u00f3w nagrzanych oraz odt\u0142uszczenie ko\u0144cowe powierzchni ze stali nierdzewnej austenitycznej, b\u0142yszcz\u0105cej \/ walcowanej na zimno. PROCAP HMP nie ma praktycznie \u017cadnego wp\u0142ywu na po\u0142ysk urz\u0105dze\u0144. [&hellip;]<\/p>\n","protected":false},"featured_media":993,"template":"","meta":{"_acf_changed":false},"product_brand":[],"product_cat":[23],"product_tag":[28],"class_list":{"0":"post-400","1":"product","2":"type-product","3":"status-publish","4":"has-post-thumbnail","6":"product_cat-trawienie","7":"product_tag-wymaga-deklaracji","9":"first","10":"instock","11":"taxable","12":"shipping-taxable","13":"product-type-variable","14":"has-default-attributes"},"acf":[],"_links":{"self":[{"href":"https:\/\/trawialnia.eu\/en\/wp-json\/wp\/v2\/product\/400","targetHints":{"allow":["GET"]}}],"collection":[{"href":"https:\/\/trawialnia.eu\/en\/wp-json\/wp\/v2\/product"}],"about":[{"href":"https:\/\/trawialnia.eu\/en\/wp-json\/wp\/v2\/types\/product"}],"wp:featuredmedia":[{"embeddable":true,"href":"https:\/\/trawialnia.eu\/en\/wp-json\/wp\/v2\/media\/993"}],"wp:attachment":[{"href":"https:\/\/trawialnia.eu\/en\/wp-json\/wp\/v2\/media?parent=400"}],"wp:term":[{"taxonomy":"product_brand","embeddable":true,"href":"https:\/\/trawialnia.eu\/en\/wp-json\/wp\/v2\/product_brand?post=400"},{"taxonomy":"product_cat","embeddable":true,"href":"https:\/\/trawialnia.eu\/en\/wp-json\/wp\/v2\/product_cat?post=400"},{"taxonomy":"product_tag","embeddable":true,"href":"https:\/\/trawialnia.eu\/en\/wp-json\/wp\/v2\/product_tag?post=400"}],"curies":[{"name":"wp","href":"https:\/\/api.w.org\/{rel}","templated":true}]}}