{"id":388,"date":"2022-07-26T14:23:03","date_gmt":"2022-07-26T12:23:03","guid":{"rendered":"http:\/\/trawialnia.eu\/?post_type=product&#038;p=388"},"modified":"2023-10-31T12:21:18","modified_gmt":"2023-10-31T11:21:18","slug":"procap-a7","status":"publish","type":"product","link":"https:\/\/trawialnia.eu\/en\/product\/procap-a7\/","title":{"rendered":"PROCAP A7"},"content":{"rendered":"<p><strong>PROCAP A7<\/strong><\/p>\n<p>\u017bel trawi\u0105cy do natrysku dla stop\u00f3w aluminium. \u017bel do rozpylania <strong>PROCAP A7<\/strong> zast\u0119puje korzystnie k\u0105piel trawi\u0105c\u0105 niezatapialnych urz\u0105dze\u0144 (wielkie powierzchnie, wielomateria\u0142owe itd...).<\/p>\n<p><strong>Instructions for Use:<\/strong><br \/>\nBefore using <strong>PROCAP A7<\/strong> , read the Safety Data Sheet and follow all occupational health and safety regulations.<br \/>\nPrzed u\u017cyciem wstrz\u0105sn\u0105\u0107 pojemnikiem celem uzyskania jednolitej konsystencji. \u017bel mo\u017cna zmiesza\u0107 z kolorantem, kt\u00f3ry pozwoli na r\u00f3wnomierne naniesienie produktu na powierzchni\u0119 oraz spowoduje redukcj\u0119 gaz\u00f3w azotowych. \u017bel nanosi si\u0119 na such\u0105 powierzchni\u0119, pompk\u0105 r\u0119czn\u0105 lub pneumatyczn\u0105. Podczas trawienia nie nale\u017cy dopu\u015bci\u0107 do wyschni\u0119cia \u017celu pod wp\u0142ywem promieni s\u0142onecznych lub innych \u017ar\u00f3de\u0142 ciep\u0142a. Po zako\u0144czeniu trawienia powierzchni\u0119 nale\u017cy dok\u0142adnie sp\u0142uka\u0107 du\u017c\u0105 ilo\u015bci\u0105 wody zimnej pod ci\u015bnieniem ok. 150 bar, a\u017c do pH neutralnego.<\/p>\n<p><strong>PROCAP A7<\/strong> zapewnia trawienie aktywne i r\u00f3wnomierne stop\u00f3w aluminium. Wydajno\u015b\u0107 1kg = 3-5 m2<\/p>","protected":false},"excerpt":{"rendered":"<p>PROCAP A7 \u017bel trawi\u0105cy do natrysku dla stop\u00f3w aluminium. \u017bel do rozpylania PROCAP A7 zast\u0119puje korzystnie k\u0105piel trawi\u0105c\u0105 niezatapialnych urz\u0105dze\u0144 (wielkie powierzchnie, wielomateria\u0142owe itd...). Spos\u00f3b u\u017cycia: Przed zastosowaniem PROCAP A7 nale\u017cy zapozna\u0107 si\u0119 z kart\u0105 charakterystyki oraz przestrzega\u0107 zasad BHP. Przed u\u017cyciem wstrz\u0105sn\u0105\u0107 pojemnikiem celem uzyskania jednolitej konsystencji. \u017bel mo\u017cna zmiesza\u0107 z kolorantem, kt\u00f3ry pozwoli [&hellip;]<\/p>\n","protected":false},"featured_media":993,"template":"","meta":{"_acf_changed":false},"product_brand":[],"product_cat":[23],"product_tag":[],"class_list":{"0":"post-388","1":"product","2":"type-product","3":"status-publish","4":"has-post-thumbnail","6":"product_cat-trawienie","8":"first","9":"instock","10":"taxable","11":"shipping-taxable","12":"product-type-variable","13":"has-default-attributes"},"acf":[],"_links":{"self":[{"href":"https:\/\/trawialnia.eu\/en\/wp-json\/wp\/v2\/product\/388","targetHints":{"allow":["GET"]}}],"collection":[{"href":"https:\/\/trawialnia.eu\/en\/wp-json\/wp\/v2\/product"}],"about":[{"href":"https:\/\/trawialnia.eu\/en\/wp-json\/wp\/v2\/types\/product"}],"wp:featuredmedia":[{"embeddable":true,"href":"https:\/\/trawialnia.eu\/en\/wp-json\/wp\/v2\/media\/993"}],"wp:attachment":[{"href":"https:\/\/trawialnia.eu\/en\/wp-json\/wp\/v2\/media?parent=388"}],"wp:term":[{"taxonomy":"product_brand","embeddable":true,"href":"https:\/\/trawialnia.eu\/en\/wp-json\/wp\/v2\/product_brand?post=388"},{"taxonomy":"product_cat","embeddable":true,"href":"https:\/\/trawialnia.eu\/en\/wp-json\/wp\/v2\/product_cat?post=388"},{"taxonomy":"product_tag","embeddable":true,"href":"https:\/\/trawialnia.eu\/en\/wp-json\/wp\/v2\/product_tag?post=388"}],"curies":[{"name":"wp","href":"https:\/\/api.w.org\/{rel}","templated":true}]}}